{"id":5,"date":"2020-03-22T17:03:20","date_gmt":"2020-03-22T16:03:20","guid":{"rendered":"https:\/\/aufprall.net\/a\/?page_id=5"},"modified":"2021-05-22T19:09:00","modified_gmt":"2021-05-22T17:09:00","slug":"das-buch","status":"publish","type":"page","link":"https:\/\/aufprall.net\/a\/das-buch\/","title":{"rendered":"das Buch"},"content":{"rendered":"\n<p>Ein K\u00fcnstlerinnenroman, ein Hausbesetzerroman, ein Berlinroman:<br>Wir haben diesen Roman zu dritt geschrieben, weil wir eine Zeit vor Augen haben, in der sich etwas gedreht hat. Die Geschlechter, die Herk\u00fcnfte, die Wahrnehmungen, die Gef\u00fchle, das Denken und die Kunst waren in einen anderen Zustand gekommen. Nicht allein f\u00fcr uns als damals Zwanzigj\u00e4hrige, sondern f\u00fcr die Welt der 1980er Jahre, in der wir erwachsen wurden.<\/p>\n\n\n\n<div class=\"wp-block-media-text alignwide is-stacked-on-mobile is-vertically-aligned-top\"><figure class=\"wp-block-media-text__media\"><img loading=\"lazy\" decoding=\"async\" width=\"627\" height=\"1024\" src=\"https:\/\/aufprall.net\/a\/wp-content\/uploads\/2020\/03\/aufprall-627x1024.jpg\" alt=\"Bude Munk Wieland Aufprall Roman\" class=\"wp-image-42 size-full\"\/><\/figure><div class=\"wp-block-media-text__content\">\n<p><strong>No Future<\/strong>: Unter dieser Parole besetzt eine Gruppe junger Leute Anfang der achtziger Jahre ein Haus in Kreuzberg. Politisch und k\u00fcnstlerisch aktiv, wollen sie dort ein Leben f\u00fchren, das die L\u00fcgen der bundesdeutschen Gesellschaft hinter sich l\u00e4sst. Euphorische Aufbruchsstimmung wechselt mit inneren Streitigkeiten unter der st\u00e4ndigen Bedrohung durch die Staatsgewalt.<br>Ein Unfall ver\u00e4ndert alles: Eine Besetzerin kommt ums Leben. Der Tod ersch\u00fcttert die Rebellion.<br><br>Was sie hier erz\u00e4hlen, haben Heinz Bude, Bettina Munk und Karin Wieland so oder \u00e4hnlich erlebt. AUFPRALL spielt in einer Welt von Punk und Stra\u00dfenschlachten, AIDS und Drogen, rauer Kunst und wilden Theorien, blo\u00dfem Sex und tiefer Zuneigung, zu einer Zeit, die<br>keine Kompromisse kannte, erst recht nicht zwischen Frauen und M\u00e4nnern.<\/p>\n\n\n\n<p>Als der New Wave die Energien in die Bars und Clubs lenkt f\u00e4llt gleich hinter dem Haus die Mauer: Die Achtziger sind vorbei.<br>In diesem gro\u00dfen, impulsiven Roman leben sie noch einmal auf.<\/p>\n\n\n\n<p class=\"has-background-color has-secondary-background-color has-text-color has-background\"><strong>Aufprall<\/strong><br>Roman<br>256 Seiten mit Zeichnungen <br>von Bettina Munk<br>Gebunden. Bedrucktes Vorsatzpapier<br>\u20ac 24 [D] \/ \u20ac 24,70 [A]<br>Auch als E-Book erh\u00e4ltlich<\/p>\n<\/div><\/div>\n\n\n\n<figure class=\"wp-block-image alignwide size-large\"><img loading=\"lazy\" decoding=\"async\" width=\"1024\" height=\"632\" src=\"https:\/\/aufprall.net\/a\/wp-content\/uploads\/2021\/05\/BMW_ostkreuz_marke-1024x632.jpg\" alt=\"\" class=\"wp-image-1234\" srcset=\"https:\/\/aufprall.net\/a\/wp-content\/uploads\/2021\/05\/BMW_ostkreuz_marke-1024x632.jpg 1024w, https:\/\/aufprall.net\/a\/wp-content\/uploads\/2021\/05\/BMW_ostkreuz_marke-300x185.jpg 300w, https:\/\/aufprall.net\/a\/wp-content\/uploads\/2021\/05\/BMW_ostkreuz_marke-768x474.jpg 768w, https:\/\/aufprall.net\/a\/wp-content\/uploads\/2021\/05\/BMW_ostkreuz_marke-1200x740.jpg 1200w, https:\/\/aufprall.net\/a\/wp-content\/uploads\/2021\/05\/BMW_ostkreuz_marke.jpg 1535w\" sizes=\"auto, (max-width: 1024px) 100vw, 1024px\" \/><figcaption>\u00a9 Dawin Meckel Ostkreuz<\/figcaption><\/figure>\n\n\n\n<h3 class=\"wp-block-heading\"><a href=\"https:\/\/www.hanser-literaturverlage.de\/verlage\/hanser\" target=\"_blank\" rel=\"noreferrer noopener\">Carl Hanser Verlag M\u00fcnchen<\/a><\/h3>\n\n\n\n<p>Websites von Bude Munk Wieland<br><br><a href=\"https:\/\/karinwieland.de\/\" target=\"_blank\" rel=\"noreferrer noopener\">karinwieland.de<\/a><br><a href=\"https:\/\/munkmovies.de\/\" target=\"_blank\" rel=\"noreferrer noopener\">munkmovies.de<\/a><br><a href=\"https:\/\/heinzbude.de\/\" target=\"_blank\" rel=\"noreferrer noopener\">heinzbude.de<\/a><\/p>\n\n\n\n<h2 class=\"wp-block-heading\"><a href=\"https:\/\/aufprall.net\/a\/news\/\" data-type=\"page\" data-id=\"7\">Rezensionen | Interviews | Podcasts<\/a><\/h2>\n\n\n\n<p class=\"abstand\">&nbsp;<\/p>\n\n\n\n<p><\/p>\n","protected":false},"excerpt":{"rendered":"<p>Ein K\u00fcnstlerinnenroman, ein Hausbesetzerroman, ein Berlinroman:Wir haben diesen Roman zu dritt geschrieben, weil wir eine Zeit vor Augen haben, in der sich etwas gedreht hat. Die Geschlechter, die Herk\u00fcnfte, die Wahrnehmungen, die Gef\u00fchle, das Denken und die Kunst waren in einen anderen Zustand gekommen. Nicht allein f\u00fcr uns als damals Zwanzigj\u00e4hrige, sondern f\u00fcr die Welt [&hellip;]<\/p>\n","protected":false},"author":1,"featured_media":0,"parent":0,"menu_order":0,"comment_status":"closed","ping_status":"closed","template":"","meta":{"footnotes":""},"folder":[],"class_list":["post-5","page","type-page","status-publish","hentry"],"_links":{"self":[{"href":"https:\/\/aufprall.net\/a\/wp-json\/wp\/v2\/pages\/5","targetHints":{"allow":["GET"]}}],"collection":[{"href":"https:\/\/aufprall.net\/a\/wp-json\/wp\/v2\/pages"}],"about":[{"href":"https:\/\/aufprall.net\/a\/wp-json\/wp\/v2\/types\/page"}],"author":[{"embeddable":true,"href":"https:\/\/aufprall.net\/a\/wp-json\/wp\/v2\/users\/1"}],"replies":[{"embeddable":true,"href":"https:\/\/aufprall.net\/a\/wp-json\/wp\/v2\/comments?post=5"}],"version-history":[{"count":48,"href":"https:\/\/aufprall.net\/a\/wp-json\/wp\/v2\/pages\/5\/revisions"}],"predecessor-version":[{"id":1235,"href":"https:\/\/aufprall.net\/a\/wp-json\/wp\/v2\/pages\/5\/revisions\/1235"}],"wp:attachment":[{"href":"https:\/\/aufprall.net\/a\/wp-json\/wp\/v2\/media?parent=5"}],"wp:term":[{"taxonomy":"folder","embeddable":true,"href":"https:\/\/aufprall.net\/a\/wp-json\/wp\/v2\/folder?post=5"}],"curies":[{"name":"wp","href":"https:\/\/api.w.org\/{rel}","templated":true}]}}